{"id":1223,"date":"2025-05-06T20:36:22","date_gmt":"2025-05-06T20:36:22","guid":{"rendered":"https:\/\/promoalternative.com\/prueba\/?post_type=product&#038;p=1223"},"modified":"2025-07-02T19:39:55","modified_gmt":"2025-07-02T19:39:55","slug":"destapadores-metalicos","status":"publish","type":"product","link":"https:\/\/promoalternative.com\/index.php\/producto\/destapadores-metalicos\/","title":{"rendered":"Destapadores"},"content":{"rendered":"<p class=\"\" data-start=\"149\" data-end=\"235\"><span style=\"color: #339966;\"><strong data-start=\"154\" data-end=\"195\">Destapadores Personalizados<\/strong> \u2013 Resistencia y estilo en cada destape.<\/span><\/p>\n<p class=\"\" data-start=\"237\" data-end=\"526\"><span style=\"color: #339966;\">Fabricados en <strong data-start=\"251\" data-end=\"280\">metal de alta durabilidad<\/strong>, nuestros destapadores son ideales para uso diario, promocional o como recuerdo.\u00a0 ofrecen una excelente superficie para personalizaci\u00f3n con logo, texto o dise\u00f1o a todo color. impresi\u00f3n o grabado l\u00e1ser.<\/span><\/p>\n<p class=\"\" data-start=\"528\" data-end=\"750\"><span style=\"color: #339966;\">\u2714\ufe0f Material met\u00e1lico resistente<\/span><br data-start=\"559\" data-end=\"562\" \/><span style=\"color: #339966;\">\u2714\ufe0f Varios formatos y estilos<\/span><br data-start=\"590\" data-end=\"593\" \/><span style=\"color: #339966;\">\u2714\ufe0f Personalizaci\u00f3n con impresi\u00f3n o sublimaci\u00f3n<\/span><br data-start=\"639\" data-end=\"642\" \/><span style=\"color: #339966;\">\u2714\ufe0f Perfectos para eventos, marcas, souvenirs o uso personal<\/span><br data-start=\"701\" data-end=\"704\" \/><span style=\"color: #339966;\">\u2714\ufe0f Compactos, funcionales y de larga vida \u00fatil<\/span><\/p>\n","protected":false},"excerpt":{"rendered":"<p>Destapadores Personalizados \u2013 Resistencia y estilo en cada destape. Fabricados en metal de alta durabilidad, nuestros destapadores son ideales para uso diario, promocional o como recuerdo.\u00a0 ofrecen una excelente superficie para personalizaci\u00f3n con logo, texto o dise\u00f1o a todo color. impresi\u00f3n o grabado l\u00e1ser. \u2714\ufe0f Material met\u00e1lico resistente\u2714\ufe0f Varios formatos y estilos\u2714\ufe0f Personalizaci\u00f3n con impresi\u00f3n&hellip;&nbsp;<a href=\"https:\/\/promoalternative.com\/index.php\/producto\/destapadores-metalicos\/\" rel=\"bookmark\"><span class=\"screen-reader-text\">Destapadores<\/span><\/a><\/p>\n","protected":false},"featured_media":1749,"comment_status":"closed","ping_status":"closed","template":"","meta":{"neve_meta_sidebar":"","neve_meta_container":"","neve_meta_enable_content_width":"off","neve_meta_content_width":100,"neve_meta_title_alignment":"","neve_meta_author_avatar":"","neve_post_elements_order":"","neve_meta_disable_header":"","neve_meta_disable_footer":"","neve_meta_disable_title":"","_themeisle_gutenberg_block_has_review":false},"product_brand":[],"product_cat":[66],"product_tag":[],"class_list":{"0":"post-1223","1":"product","2":"type-product","3":"status-publish","4":"has-post-thumbnail","6":"product_cat-destapadores","8":"first","9":"instock","10":"shipping-taxable","11":"product-type-simple"},"_links":{"self":[{"href":"https:\/\/promoalternative.com\/index.php\/wp-json\/wp\/v2\/product\/1223","targetHints":{"allow":["GET"]}}],"collection":[{"href":"https:\/\/promoalternative.com\/index.php\/wp-json\/wp\/v2\/product"}],"about":[{"href":"https:\/\/promoalternative.com\/index.php\/wp-json\/wp\/v2\/types\/product"}],"replies":[{"embeddable":true,"href":"https:\/\/promoalternative.com\/index.php\/wp-json\/wp\/v2\/comments?post=1223"}],"wp:featuredmedia":[{"embeddable":true,"href":"https:\/\/promoalternative.com\/index.php\/wp-json\/wp\/v2\/media\/1749"}],"wp:attachment":[{"href":"https:\/\/promoalternative.com\/index.php\/wp-json\/wp\/v2\/media?parent=1223"}],"wp:term":[{"taxonomy":"product_brand","embeddable":true,"href":"https:\/\/promoalternative.com\/index.php\/wp-json\/wp\/v2\/product_brand?post=1223"},{"taxonomy":"product_cat","embeddable":true,"href":"https:\/\/promoalternative.com\/index.php\/wp-json\/wp\/v2\/product_cat?post=1223"},{"taxonomy":"product_tag","embeddable":true,"href":"https:\/\/promoalternative.com\/index.php\/wp-json\/wp\/v2\/product_tag?post=1223"}],"curies":[{"name":"wp","href":"https:\/\/api.w.org\/{rel}","templated":true}]}}