{"id":1230,"date":"2025-05-06T20:48:53","date_gmt":"2025-05-06T20:48:53","guid":{"rendered":"https:\/\/promoalternative.com\/prueba\/?post_type=product&#038;p=1230"},"modified":"2025-09-21T15:02:29","modified_gmt":"2025-09-21T15:02:29","slug":"llavero-destapador","status":"publish","type":"product","link":"https:\/\/promoalternative.com\/index.php\/producto\/llavero-destapador\/","title":{"rendered":"Llavero destapador"},"content":{"rendered":"<p class=\"\" data-start=\"191\" data-end=\"407\"><span style=\"color: #339966;\"><em>Combina practicidad y promoci\u00f3n con estos llaveros funcionales que adem\u00e1s de sujetar tus llaves, abren botellas con facilidad. Son ideales para regalar en eventos, campa\u00f1as promocionales o como recuerdo original.<\/em><\/span><\/p>\n<p class=\"\" data-start=\"409\" data-end=\"661\"><span style=\"color: #339966;\"><em>\u2714\ufe0f Fabricados en metal o aluminio resistente<\/em><\/span><br data-start=\"453\" data-end=\"456\" \/><span style=\"color: #339966;\"><em>\u2714\ufe0f Ligero, compacto y duradero<\/em><\/span><br data-start=\"486\" data-end=\"489\" \/><span style=\"color: #339966;\"><em>\u2714\ufe0f \u00c1rea personalizable con grabado, impresi\u00f3n o sublimaci\u00f3n<\/em><\/span><br data-start=\"548\" data-end=\"551\" \/><span style=\"color: #339966;\"><em>\u2714\ufe0f Modelos cl\u00e1sicos, minimalistas o divertidos<\/em><\/span><br data-start=\"597\" data-end=\"600\" \/><span style=\"color: #339966;\"><em>\u2714\ufe0f Excelente opci\u00f3n publicitaria de alto impacto y bajo costo<\/em><\/span><\/p>\n","protected":false},"excerpt":{"rendered":"<p>Combina practicidad y promoci\u00f3n con estos llaveros funcionales que adem\u00e1s de sujetar tus llaves, abren botellas con facilidad. Son ideales para regalar en eventos, campa\u00f1as promocionales o como recuerdo original. \u2714\ufe0f Fabricados en metal o aluminio resistente\u2714\ufe0f Ligero, compacto y duradero\u2714\ufe0f \u00c1rea personalizable con grabado, impresi\u00f3n o sublimaci\u00f3n\u2714\ufe0f Modelos cl\u00e1sicos, minimalistas o divertidos\u2714\ufe0f Excelente opci\u00f3n&hellip;&nbsp;<a href=\"https:\/\/promoalternative.com\/index.php\/producto\/llavero-destapador\/\" rel=\"bookmark\"><span class=\"screen-reader-text\">Llavero destapador<\/span><\/a><\/p>\n","protected":false},"featured_media":1731,"comment_status":"closed","ping_status":"closed","template":"","meta":{"neve_meta_sidebar":"","neve_meta_container":"","neve_meta_enable_content_width":"off","neve_meta_content_width":100,"neve_meta_title_alignment":"","neve_meta_author_avatar":"","neve_post_elements_order":"","neve_meta_disable_header":"","neve_meta_disable_footer":"","neve_meta_disable_title":"","_themeisle_gutenberg_block_has_review":false},"product_brand":[],"product_cat":[66,67],"product_tag":[],"class_list":{"0":"post-1230","1":"product","2":"type-product","3":"status-publish","4":"has-post-thumbnail","6":"product_cat-destapadores","7":"product_cat-llaveros","9":"first","10":"instock","11":"shipping-taxable","12":"product-type-simple"},"_links":{"self":[{"href":"https:\/\/promoalternative.com\/index.php\/wp-json\/wp\/v2\/product\/1230","targetHints":{"allow":["GET"]}}],"collection":[{"href":"https:\/\/promoalternative.com\/index.php\/wp-json\/wp\/v2\/product"}],"about":[{"href":"https:\/\/promoalternative.com\/index.php\/wp-json\/wp\/v2\/types\/product"}],"replies":[{"embeddable":true,"href":"https:\/\/promoalternative.com\/index.php\/wp-json\/wp\/v2\/comments?post=1230"}],"wp:featuredmedia":[{"embeddable":true,"href":"https:\/\/promoalternative.com\/index.php\/wp-json\/wp\/v2\/media\/1731"}],"wp:attachment":[{"href":"https:\/\/promoalternative.com\/index.php\/wp-json\/wp\/v2\/media?parent=1230"}],"wp:term":[{"taxonomy":"product_brand","embeddable":true,"href":"https:\/\/promoalternative.com\/index.php\/wp-json\/wp\/v2\/product_brand?post=1230"},{"taxonomy":"product_cat","embeddable":true,"href":"https:\/\/promoalternative.com\/index.php\/wp-json\/wp\/v2\/product_cat?post=1230"},{"taxonomy":"product_tag","embeddable":true,"href":"https:\/\/promoalternative.com\/index.php\/wp-json\/wp\/v2\/product_tag?post=1230"}],"curies":[{"name":"wp","href":"https:\/\/api.w.org\/{rel}","templated":true}]}}