{"id":1847,"date":"2025-07-02T22:31:10","date_gmt":"2025-07-02T22:31:10","guid":{"rendered":"https:\/\/promoalternative.com\/prueba\/?post_type=product&#038;p=1847"},"modified":"2025-07-02T22:31:10","modified_gmt":"2025-07-02T22:31:10","slug":"servilleteros-metalicos","status":"publish","type":"product","link":"https:\/\/promoalternative.com\/index.php\/producto\/servilleteros-metalicos\/","title":{"rendered":"Servilleteros met\u00e1licos"},"content":{"rendered":"<p data-start=\"162\" data-end=\"246\"><span style=\"color: #339966;\"><strong data-start=\"162\" data-end=\"246\">Servilleteros Met\u00e1licos Personalizados \u2013 Elegancia y Funcionalidad para tu Marca<\/strong><\/span><\/p>\n<p data-start=\"248\" data-end=\"574\"><span style=\"color: #339966;\">Agrega un toque distintivo y funcional a tu mesa o negocio con nuestros <strong data-start=\"320\" data-end=\"362\">servilleteros met\u00e1licos personalizados<\/strong>. Fabricados en <strong data-start=\"378\" data-end=\"424\">acero inoxidable o l\u00e1mina met\u00e1lica pintada<\/strong>, combinan <strong data-start=\"435\" data-end=\"481\">resistencia, dise\u00f1o y visibilidad de marca<\/strong>, ideales para restaurantes, cafeter\u00edas, eventos corporativos o como art\u00edculos promocionales.<\/span><\/p>\n","protected":false},"excerpt":{"rendered":"<p>Servilleteros Met\u00e1licos Personalizados \u2013 Elegancia y Funcionalidad para tu Marca Agrega un toque distintivo y funcional a tu mesa o negocio con nuestros servilleteros met\u00e1licos personalizados. Fabricados en acero inoxidable o l\u00e1mina met\u00e1lica pintada, combinan resistencia, dise\u00f1o y visibilidad de marca, ideales para restaurantes, cafeter\u00edas, eventos corporativos o como art\u00edculos promocionales.<\/p>\n","protected":false},"featured_media":1848,"comment_status":"open","ping_status":"closed","template":"","meta":{"neve_meta_sidebar":"","neve_meta_container":"","neve_meta_enable_content_width":"off","neve_meta_content_width":100,"neve_meta_title_alignment":"","neve_meta_author_avatar":"","neve_post_elements_order":"","neve_meta_disable_header":"","neve_meta_disable_footer":"","neve_meta_disable_title":"","_themeisle_gutenberg_block_has_review":false},"product_brand":[],"product_cat":[73],"product_tag":[],"class_list":{"0":"post-1847","1":"product","2":"type-product","3":"status-publish","4":"has-post-thumbnail","6":"product_cat-servilleteros","8":"first","9":"instock","10":"shipping-taxable","11":"product-type-simple"},"_links":{"self":[{"href":"https:\/\/promoalternative.com\/index.php\/wp-json\/wp\/v2\/product\/1847","targetHints":{"allow":["GET"]}}],"collection":[{"href":"https:\/\/promoalternative.com\/index.php\/wp-json\/wp\/v2\/product"}],"about":[{"href":"https:\/\/promoalternative.com\/index.php\/wp-json\/wp\/v2\/types\/product"}],"replies":[{"embeddable":true,"href":"https:\/\/promoalternative.com\/index.php\/wp-json\/wp\/v2\/comments?post=1847"}],"wp:featuredmedia":[{"embeddable":true,"href":"https:\/\/promoalternative.com\/index.php\/wp-json\/wp\/v2\/media\/1848"}],"wp:attachment":[{"href":"https:\/\/promoalternative.com\/index.php\/wp-json\/wp\/v2\/media?parent=1847"}],"wp:term":[{"taxonomy":"product_brand","embeddable":true,"href":"https:\/\/promoalternative.com\/index.php\/wp-json\/wp\/v2\/product_brand?post=1847"},{"taxonomy":"product_cat","embeddable":true,"href":"https:\/\/promoalternative.com\/index.php\/wp-json\/wp\/v2\/product_cat?post=1847"},{"taxonomy":"product_tag","embeddable":true,"href":"https:\/\/promoalternative.com\/index.php\/wp-json\/wp\/v2\/product_tag?post=1847"}],"curies":[{"name":"wp","href":"https:\/\/api.w.org\/{rel}","templated":true}]}}