{"id":95,"date":"2025-05-05T17:24:22","date_gmt":"2025-05-05T17:24:22","guid":{"rendered":"https:\/\/promoalternative.com\/prueba\/index.php\/producto\/gear-vr-oculus-rift-virtual-2\/"},"modified":"2025-07-02T22:38:43","modified_gmt":"2025-07-02T22:38:43","slug":"vasos-frios","status":"publish","type":"product","link":"https:\/\/promoalternative.com\/index.php\/producto\/vasos-frios\/","title":{"rendered":"Vasos bebidas frias"},"content":{"rendered":"<p><span style=\"color: #339966;\">Los vasos fr\u00edos de papel Karat est\u00e1n dise\u00f1ados para su uso con bebidas gaseosas\/fuentes y bebidas fr\u00edas. Ideal para restaurantes y cafeter\u00edas. Se ofrece en m\u00faltiples impresiones y tama\u00f1os. Doble forro de poli\u00e9ster para evitar fugas y para mayor resistencia.<\/span><\/p>\n<p>&nbsp;<\/p>\n","protected":false},"excerpt":{"rendered":"<p>Serigraf\u00eda<\/p>\n","protected":false},"featured_media":1854,"comment_status":"closed","ping_status":"closed","template":"","meta":{"neve_meta_sidebar":"","neve_meta_container":"","neve_meta_enable_content_width":"off","neve_meta_content_width":100,"neve_meta_title_alignment":"","neve_meta_author_avatar":"","neve_post_elements_order":"","neve_meta_disable_header":"","neve_meta_disable_footer":"","neve_meta_disable_title":"","_themeisle_gutenberg_block_has_review":false},"product_brand":[],"product_cat":[63,104],"product_tag":[],"class_list":{"0":"post-95","1":"product","2":"type-product","3":"status-publish","4":"has-post-thumbnail","6":"product_cat-bebfrias","7":"product_cat-vasos","9":"first","10":"instock","11":"featured","12":"shipping-taxable","13":"product-type-simple"},"_links":{"self":[{"href":"https:\/\/promoalternative.com\/index.php\/wp-json\/wp\/v2\/product\/95","targetHints":{"allow":["GET"]}}],"collection":[{"href":"https:\/\/promoalternative.com\/index.php\/wp-json\/wp\/v2\/product"}],"about":[{"href":"https:\/\/promoalternative.com\/index.php\/wp-json\/wp\/v2\/types\/product"}],"replies":[{"embeddable":true,"href":"https:\/\/promoalternative.com\/index.php\/wp-json\/wp\/v2\/comments?post=95"}],"wp:featuredmedia":[{"embeddable":true,"href":"https:\/\/promoalternative.com\/index.php\/wp-json\/wp\/v2\/media\/1854"}],"wp:attachment":[{"href":"https:\/\/promoalternative.com\/index.php\/wp-json\/wp\/v2\/media?parent=95"}],"wp:term":[{"taxonomy":"product_brand","embeddable":true,"href":"https:\/\/promoalternative.com\/index.php\/wp-json\/wp\/v2\/product_brand?post=95"},{"taxonomy":"product_cat","embeddable":true,"href":"https:\/\/promoalternative.com\/index.php\/wp-json\/wp\/v2\/product_cat?post=95"},{"taxonomy":"product_tag","embeddable":true,"href":"https:\/\/promoalternative.com\/index.php\/wp-json\/wp\/v2\/product_tag?post=95"}],"curies":[{"name":"wp","href":"https:\/\/api.w.org\/{rel}","templated":true}]}}